{"id":8,"date":"2017-02-21T14:55:21","date_gmt":"2017-02-21T14:55:21","guid":{"rendered":"http:\/\/adman.ee\/?page_id=8"},"modified":"2018-09-24T14:17:40","modified_gmt":"2018-09-24T11:17:40","slug":"meist","status":"publish","type":"page","link":"https:\/\/www.adman.ee\/fin\/meist\/","title":{"rendered":"Meist\u00e4"},"content":{"rendered":"<p><img loading=\"lazy\" decoding=\"async\" class=\"size-full wp-image-218 alignright\" src=\"https:\/\/adman.ee\/wp-content\/uploads\/2017\/02\/rahulolu-garantii-e1490912692720.png\" alt=\"rahulolu garanteeritud\" width=\"200\" height=\"169\"><\/p>\n<p style=\"text-align: left;\">Olemme valmistava yritys, joka on t\u00e4ysin omistautunut kiteiden tai kuplatarrojen tuotantoon. Tuotantomme perustuu p\u00e4\u00e4osin yhteen kriteeriin, joka on laatu. T\u00e4m\u00e4n voivat vahvistaa sadat tyytyv\u00e4iset asiakkaat Virossa, Suomessa ja Ruotsissa.<\/p>\n<p style=\"text-align: left;\">K\u00e4yt\u00e4mme yksinomaan 3M autofilmej\u00e4 ja korkealaatuista polyuretaanihartsia, mik\u00e4 varmistaa tiukan istuvuuden ilmastoamme ja sen ulkopuolelle.<\/p>\n<p class=\"translation-block\">Koska olemme Viron suurin linssitarrojen valmistaja, pystymme tarjoamaan kilpailukykyisi\u00e4 hintoja ja nopea toimitus suurempiin m\u00e4\u00e4riin. Olemme ainoa yritys, joka k\u00e4ytt\u00e4\u00e4 t\u00e4ysin automaattista valukonetta, joka erottaa meid\u00e4t selv\u00e4sti kilpailusta.\nEnnen kuin l\u00e4het\u00e4t ne asiakkaalle, tarkistamme jokaisen tarran, 100 tai 10 000 kappaletta. Laadunvalvonta on 100%.\nOta yhteytt\u00e4 ja katso itse.<\/p>\n<p><a href=\"\/\/www.pinterest.com\/pin\/create\/button\/\" data-pin-do=\"buttonBookmark\" data-pin-color=\"red\" data-pin-height=\"128\"><img decoding=\"async\" src=\"\/\/assets.pinterest.com\/images\/pidgets\/pinit_fg_en_rect_red_28.png\" \/><\/a><\/p>","protected":false},"excerpt":{"rendered":"<p>Oleme tootmisettev\u00f5te, kes on t\u00e4ielikult p\u00fchendunud kristall- ehk&nbsp;mullikleebiste tootmisele. Tootmisel l\u00e4htume peamiselt \u00fchest kriteeriumist, milleks on kvaliteet.&nbsp;Seda saavad kinnitada sajad rahulolevad kliendid Eestis, Soomes ja Rootsis. Kasutame eranditult&nbsp;3M autokilesid ning&nbsp;k\u00f5rgekvaliteedilist pol\u00fcuretaanvaiku, mis tagab kindla p\u00fcsimise nii sees kui&nbsp;v\u00e4ljas, ka meie kliimas. Olles suurim kristallkleebiste tootja Eestis, suudame pakkuda konurentisv\u00f5imelist hinda ja&nbsp;kiiret tarnet suuremate koguste puhul. &hellip; <\/p>\n<p class=\"link-more\"><a href=\"https:\/\/www.adman.ee\/fin\/meist\/\" class=\"more-link\">Jatka lukemista<span class=\"screen-reader-text\"> &#8220;Meist&#8221;<\/span><\/a><\/p>","protected":false},"author":1,"featured_media":0,"parent":0,"menu_order":0,"comment_status":"closed","ping_status":"closed","template":"","meta":{"ngg_post_thumbnail":0,"jetpack_post_was_ever_published":false,"footnotes":""},"class_list":["post-8","page","type-page","status-publish","hentry"],"yoast_head":"<!-- This site is optimized with the Yoast SEO plugin v24.5 - https:\/\/yoast.com\/wordpress\/plugins\/seo\/ -->\n<title>Meist &#8211; adMan Doming<\/title>\n<meta name=\"robots\" content=\"index, follow, max-snippet:-1, max-image-preview:large, max-video-preview:-1\" \/>\n<link rel=\"canonical\" href=\"https:\/\/adman.ee\/fin\/meist\/\" \/>\n<meta property=\"og:locale\" content=\"fi_FI\" \/>\n<meta property=\"og:type\" content=\"article\" \/>\n<meta property=\"og:title\" content=\"Meist &#8211; adMan Doming\" \/>\n<meta property=\"og:description\" content=\"Oleme tootmisettev\u00f5te, kes on t\u00e4ielikult p\u00fchendunud kristall- ehk&nbsp;mullikleebiste tootmisele. Tootmisel l\u00e4htume peamiselt \u00fchest kriteeriumist, milleks on kvaliteet.&nbsp;Seda saavad kinnitada sajad rahulolevad kliendid Eestis, Soomes ja Rootsis. Kasutame eranditult&nbsp;3M autokilesid ning&nbsp;k\u00f5rgekvaliteedilist pol\u00fcuretaanvaiku, mis tagab kindla p\u00fcsimise nii sees kui&nbsp;v\u00e4ljas, ka meie kliimas. Olles suurim kristallkleebiste tootja Eestis, suudame pakkuda konurentisv\u00f5imelist hinda ja&nbsp;kiiret tarnet suuremate koguste puhul. &hellip; Jatka lukemista &quot;Meist&quot;\" \/>\n<meta property=\"og:url\" content=\"https:\/\/adman.ee\/fin\/meist\/\" \/>\n<meta property=\"og:site_name\" content=\"adMan Doming\" \/>\n<meta property=\"article:publisher\" content=\"http:\/\/facebook.com\/adman.ee\" \/>\n<meta property=\"article:modified_time\" content=\"2018-09-24T11:17:40+00:00\" \/>\n<meta property=\"og:image\" content=\"https:\/\/adman.ee\/wp-content\/uploads\/2017\/02\/rahulolu-garantii-e1490912692720.png\" \/>\n<meta name=\"twitter:card\" content=\"summary_large_image\" \/>\n<meta name=\"twitter:label1\" content=\"Arvioitu lukuaika\" \/>\n\t<meta name=\"twitter:data1\" content=\"1 minuutti\" \/>\n<script type=\"application\/ld+json\" class=\"yoast-schema-graph\">{\"@context\":\"https:\/\/schema.org\",\"@graph\":[{\"@type\":\"WebPage\",\"@id\":\"https:\/\/adman.ee\/fin\/meist\/\",\"url\":\"https:\/\/adman.ee\/fin\/meist\/\",\"name\":\"Meist &#8211; adMan Doming\",\"isPartOf\":{\"@id\":\"https:\/\/adman.ee\/et\/#website\"},\"primaryImageOfPage\":{\"@id\":\"https:\/\/adman.ee\/fin\/meist\/#primaryimage\"},\"image\":{\"@id\":\"https:\/\/adman.ee\/fin\/meist\/#primaryimage\"},\"thumbnailUrl\":\"https:\/\/adman.ee\/wp-content\/uploads\/2017\/02\/rahulolu-garantii-e1490912692720.png\",\"datePublished\":\"2017-02-21T14:55:21+00:00\",\"dateModified\":\"2018-09-24T11:17:40+00:00\",\"breadcrumb\":{\"@id\":\"https:\/\/adman.ee\/fin\/meist\/#breadcrumb\"},\"inLanguage\":\"fi\",\"potentialAction\":[{\"@type\":\"ReadAction\",\"target\":[\"https:\/\/adman.ee\/fin\/meist\/\"]}]},{\"@type\":\"ImageObject\",\"inLanguage\":\"fi\",\"@id\":\"https:\/\/adman.ee\/fin\/meist\/#primaryimage\",\"url\":\"https:\/\/adman.ee\/wp-content\/uploads\/2017\/02\/rahulolu-garantii-e1490912692720.png\",\"contentUrl\":\"https:\/\/adman.ee\/wp-content\/uploads\/2017\/02\/rahulolu-garantii-e1490912692720.png\"},{\"@type\":\"BreadcrumbList\",\"@id\":\"https:\/\/adman.ee\/fin\/meist\/#breadcrumb\",\"itemListElement\":[{\"@type\":\"ListItem\",\"position\":1,\"name\":\"Home\",\"item\":\"https:\/\/adman.ee\/et\/\"},{\"@type\":\"ListItem\",\"position\":2,\"name\":\"Meist\"}]},{\"@type\":\"WebSite\",\"@id\":\"https:\/\/adman.ee\/et\/#website\",\"url\":\"https:\/\/adman.ee\/et\/\",\"name\":\"adman Doming\",\"description\":\"Number 1 kristallkleebiste tootja Eestis.\",\"publisher\":{\"@id\":\"https:\/\/adman.ee\/et\/#organization\"},\"potentialAction\":[{\"@type\":\"SearchAction\",\"target\":{\"@type\":\"EntryPoint\",\"urlTemplate\":\"https:\/\/adman.ee\/et\/?s={search_term_string}\"},\"query-input\":{\"@type\":\"PropertyValueSpecification\",\"valueRequired\":true,\"valueName\":\"search_term_string\"}}],\"inLanguage\":\"fi\"},{\"@type\":\"Organization\",\"@id\":\"https:\/\/adman.ee\/et\/#organization\",\"name\":\"Armintec systems O\u00dc\",\"url\":\"https:\/\/adman.ee\/et\/\",\"logo\":{\"@type\":\"ImageObject\",\"inLanguage\":\"fi\",\"@id\":\"https:\/\/adman.ee\/et\/#\/schema\/logo\/image\/\",\"url\":\"https:\/\/www.adman.ee\/wp-content\/uploads\/2017\/02\/cropped-adman-logo-xxl-suur.png\",\"contentUrl\":\"https:\/\/www.adman.ee\/wp-content\/uploads\/2017\/02\/cropped-adman-logo-xxl-suur.png\",\"width\":250,\"height\":250,\"caption\":\"Armintec systems O\u00dc\"},\"image\":{\"@id\":\"https:\/\/adman.ee\/et\/#\/schema\/logo\/image\/\"},\"sameAs\":[\"http:\/\/facebook.com\/adman.ee\",\"https:\/\/www.youtube.com\/channel\/UCBYeJAv6Sr_yGGdWFoOjxAQ\/featured?view_as=subscriber\"]}]}<\/script>\n<!-- \/ Yoast SEO plugin. -->","yoast_head_json":{"title":"Meist &#8211; adMan Doming","robots":{"index":"index","follow":"follow","max-snippet":"max-snippet:-1","max-image-preview":"max-image-preview:large","max-video-preview":"max-video-preview:-1"},"canonical":"https:\/\/adman.ee\/fin\/meist\/","og_locale":"fi_FI","og_type":"article","og_title":"Meist &#8211; adMan Doming","og_description":"Oleme tootmisettev\u00f5te, kes on t\u00e4ielikult p\u00fchendunud kristall- ehk&nbsp;mullikleebiste tootmisele. Tootmisel l\u00e4htume peamiselt \u00fchest kriteeriumist, milleks on kvaliteet.&nbsp;Seda saavad kinnitada sajad rahulolevad kliendid Eestis, Soomes ja Rootsis. Kasutame eranditult&nbsp;3M autokilesid ning&nbsp;k\u00f5rgekvaliteedilist pol\u00fcuretaanvaiku, mis tagab kindla p\u00fcsimise nii sees kui&nbsp;v\u00e4ljas, ka meie kliimas. Olles suurim kristallkleebiste tootja Eestis, suudame pakkuda konurentisv\u00f5imelist hinda ja&nbsp;kiiret tarnet suuremate koguste puhul. &hellip; Jatka lukemista \"Meist\"","og_url":"https:\/\/adman.ee\/fin\/meist\/","og_site_name":"adMan Doming","article_publisher":"http:\/\/facebook.com\/adman.ee","article_modified_time":"2018-09-24T11:17:40+00:00","og_image":[{"url":"https:\/\/adman.ee\/wp-content\/uploads\/2017\/02\/rahulolu-garantii-e1490912692720.png","type":"","width":"","height":""}],"twitter_card":"summary_large_image","twitter_misc":{"Arvioitu lukuaika":"1 minuutti"},"schema":{"@context":"https:\/\/schema.org","@graph":[{"@type":"WebPage","@id":"https:\/\/adman.ee\/fin\/meist\/","url":"https:\/\/adman.ee\/fin\/meist\/","name":"Meist &#8211; adMan Doming","isPartOf":{"@id":"https:\/\/adman.ee\/et\/#website"},"primaryImageOfPage":{"@id":"https:\/\/adman.ee\/fin\/meist\/#primaryimage"},"image":{"@id":"https:\/\/adman.ee\/fin\/meist\/#primaryimage"},"thumbnailUrl":"https:\/\/adman.ee\/wp-content\/uploads\/2017\/02\/rahulolu-garantii-e1490912692720.png","datePublished":"2017-02-21T14:55:21+00:00","dateModified":"2018-09-24T11:17:40+00:00","breadcrumb":{"@id":"https:\/\/adman.ee\/fin\/meist\/#breadcrumb"},"inLanguage":"fi","potentialAction":[{"@type":"ReadAction","target":["https:\/\/adman.ee\/fin\/meist\/"]}]},{"@type":"ImageObject","inLanguage":"fi","@id":"https:\/\/adman.ee\/fin\/meist\/#primaryimage","url":"https:\/\/adman.ee\/wp-content\/uploads\/2017\/02\/rahulolu-garantii-e1490912692720.png","contentUrl":"https:\/\/adman.ee\/wp-content\/uploads\/2017\/02\/rahulolu-garantii-e1490912692720.png"},{"@type":"BreadcrumbList","@id":"https:\/\/adman.ee\/fin\/meist\/#breadcrumb","itemListElement":[{"@type":"ListItem","position":1,"name":"Home","item":"https:\/\/adman.ee\/et\/"},{"@type":"ListItem","position":2,"name":"Meist"}]},{"@type":"WebSite","@id":"https:\/\/adman.ee\/et\/#website","url":"https:\/\/adman.ee\/et\/","name":"adman Doming","description":"Number 1 kristallkleebiste tootja Eestis.","publisher":{"@id":"https:\/\/adman.ee\/et\/#organization"},"potentialAction":[{"@type":"SearchAction","target":{"@type":"EntryPoint","urlTemplate":"https:\/\/adman.ee\/et\/?s={search_term_string}"},"query-input":{"@type":"PropertyValueSpecification","valueRequired":true,"valueName":"search_term_string"}}],"inLanguage":"fi"},{"@type":"Organization","@id":"https:\/\/adman.ee\/et\/#organization","name":"Armintec systems O\u00dc","url":"https:\/\/adman.ee\/et\/","logo":{"@type":"ImageObject","inLanguage":"fi","@id":"https:\/\/adman.ee\/et\/#\/schema\/logo\/image\/","url":"https:\/\/www.adman.ee\/wp-content\/uploads\/2017\/02\/cropped-adman-logo-xxl-suur.png","contentUrl":"https:\/\/www.adman.ee\/wp-content\/uploads\/2017\/02\/cropped-adman-logo-xxl-suur.png","width":250,"height":250,"caption":"Armintec systems O\u00dc"},"image":{"@id":"https:\/\/adman.ee\/et\/#\/schema\/logo\/image\/"},"sameAs":["http:\/\/facebook.com\/adman.ee","https:\/\/www.youtube.com\/channel\/UCBYeJAv6Sr_yGGdWFoOjxAQ\/featured?view_as=subscriber"]}]}},"jetpack_sharing_enabled":true,"jetpack_shortlink":"https:\/\/wp.me\/P4Lq81-8","_links":{"self":[{"href":"https:\/\/www.adman.ee\/fin\/wp-json\/wp\/v2\/pages\/8","targetHints":{"allow":["GET"]}}],"collection":[{"href":"https:\/\/www.adman.ee\/fin\/wp-json\/wp\/v2\/pages"}],"about":[{"href":"https:\/\/www.adman.ee\/fin\/wp-json\/wp\/v2\/types\/page"}],"author":[{"embeddable":true,"href":"https:\/\/www.adman.ee\/fin\/wp-json\/wp\/v2\/users\/1"}],"replies":[{"embeddable":true,"href":"https:\/\/www.adman.ee\/fin\/wp-json\/wp\/v2\/comments?post=8"}],"version-history":[{"count":5,"href":"https:\/\/www.adman.ee\/fin\/wp-json\/wp\/v2\/pages\/8\/revisions"}],"predecessor-version":[{"id":645,"href":"https:\/\/www.adman.ee\/fin\/wp-json\/wp\/v2\/pages\/8\/revisions\/645"}],"wp:attachment":[{"href":"https:\/\/www.adman.ee\/fin\/wp-json\/wp\/v2\/media?parent=8"}],"curies":[{"name":"wp","href":"https:\/\/api.w.org\/{rel}","templated":true}]}}